{"id":5761,"date":"2017-09-03T02:41:49","date_gmt":"2017-09-03T02:41:49","guid":{"rendered":"http:\/\/themenectar.com\/demo\/salient-corporate-creative\/?page_id=5761"},"modified":"2022-11-15T08:22:34","modified_gmt":"2022-11-15T07:22:34","slug":"corporate-creative-landing","status":"publish","type":"page","link":"https:\/\/lh-maritime-survey.fr\/","title":{"rendered":"Page d&#8217;accueil"},"content":{"rendered":"[vc_row type=&#8221;full_width_background&#8221; full_screen_row_position=&#8221;middle&#8221; column_margin=&#8221;default&#8221; column_direction=&#8221;default&#8221; column_direction_tablet=&#8221;default&#8221; column_direction_phone=&#8221;default&#8221; bg_image=&#8221;5813&#8243; bg_position=&#8221;left top&#8221; background_image_loading=&#8221;default&#8221; bg_repeat=&#8221;no-repeat&#8221; scene_position=&#8221;center&#8221; top_padding=&#8221;13%&#8221; bottom_padding=&#8221;19%&#8221; text_color=&#8221;light&#8221; text_align=&#8221;left&#8221; row_border_radius=&#8221;none&#8221; row_border_radius_applies=&#8221;bg&#8221; enable_gradient=&#8221;true&#8221; color_overlay=&#8221;rgba(0,38,73,0.85)&#8221; color_overlay_2=&#8221;rgba(0,159,244,0.71)&#8221; overlay_strength=&#8221;1&#8243; gradient_direction=&#8221;left_t_to_right_b&#8221; enable_shape_divider=&#8221;true&#8221; shape_divider_position=&#8221;bottom&#8221; shape_divider_height=&#8221;350&#8243; bg_image_animation=&#8221;none&#8221; parallax_bg=&#8221;true&#8221; parallax_bg_speed=&#8221;fast&#8221; shape_type=&#8221;mountains&#8221;][vc_column column_padding=&#8221;no-extra-padding&#8221; column_padding_tablet=&#8221;inherit&#8221; column_padding_phone=&#8221;inherit&#8221; column_padding_position=&#8221;all&#8221; column_element_spacing=&#8221;default&#8221; background_color_opacity=&#8221;1&#8243; background_hover_color_opacity=&#8221;1&#8243; column_shadow=&#8221;none&#8221; column_border_radius=&#8221;none&#8221; column_link_target=&#8221;_self&#8221; gradient_direction=&#8221;left_to_right&#8221; overlay_strength=&#8221;0.3&#8243; width=&#8221;1\/1&#8243; tablet_width_inherit=&#8221;default&#8221; tablet_text_alignment=&#8221;default&#8221; phone_text_alignment=&#8221;default&#8221; bg_image_animation=&#8221;none&#8221; border_type=&#8221;simple&#8221; column_border_width=&#8221;none&#8221; column_border_style=&#8221;solid&#8221;][split_line_heading animation_type=&#8221;default&#8221;]\n<h1>LH Maritime Survey<\/h1>\n[\/split_line_heading][vc_custom_heading text=&#8221;Professionnel, Flexible, Ind\u00e9pendant et libre de toutes influences, nous fournissons des informations impartiales et dignes de confiance dans les meilleurs d\u00e9lais.&#8221; font_container=&#8221;tag:h5|text_align:left|color:rgba(0%2C0%2C0%2C0.78)&#8221; use_theme_fonts=&#8221;yes&#8221; css=&#8221;.vc_custom_1637154304086{margin-bottom: 10px !important;}&#8221;][\/vc_column][\/vc_row][vc_row type=&#8221;full_width_content&#8221; full_screen_row_position=&#8221;middle&#8221; column_margin=&#8221;20px&#8221; column_direction=&#8221;default&#8221; column_direction_tablet=&#8221;default&#8221; column_direction_phone=&#8221;default&#8221; scene_position=&#8221;center&#8221; bottom_padding=&#8221;6%&#8221; text_color=&#8221;dark&#8221; text_align=&#8221;left&#8221; row_border_radius=&#8221;none&#8221; row_border_radius_applies=&#8221;bg&#8221; id=&#8221;services&#8221; overlay_strength=&#8221;0.3&#8243; gradient_direction=&#8221;left_to_right&#8221; shape_divider_position=&#8221;bottom&#8221; bg_image_animation=&#8221;none&#8221; shape_type=&#8221;&#8221;][vc_column column_padding=&#8221;no-extra-padding&#8221; column_padding_tablet=&#8221;inherit&#8221; column_padding_phone=&#8221;inherit&#8221; column_padding_position=&#8221;all&#8221; column_element_spacing=&#8221;default&#8221; background_color_opacity=&#8221;1&#8243; background_hover_color_opacity=&#8221;1&#8243; column_shadow=&#8221;none&#8221; column_border_radius=&#8221;none&#8221; column_link_target=&#8221;_self&#8221; gradient_direction=&#8221;left_to_right&#8221; overlay_strength=&#8221;0.3&#8243; width=&#8221;1\/1&#8243; tablet_width_inherit=&#8221;default&#8221; tablet_text_alignment=&#8221;default&#8221; phone_text_alignment=&#8221;default&#8221; bg_image_animation=&#8221;none&#8221; border_type=&#8221;simple&#8221; column_border_width=&#8221;none&#8221; column_border_style=&#8221;solid&#8221;][vc_row_inner column_margin=&#8221;20px&#8221; column_direction=&#8221;default&#8221; column_direction_tablet=&#8221;default&#8221; column_direction_phone=&#8221;default&#8221; text_align=&#8221;left&#8221;][vc_column_inner column_padding=&#8221;no-extra-padding&#8221; column_padding_tablet=&#8221;inherit&#8221; column_padding_phone=&#8221;inherit&#8221; column_padding_position=&#8221;all&#8221; column_element_spacing=&#8221;default&#8221; background_color_opacity=&#8221;1&#8243; background_hover_color_opacity=&#8221;1&#8243; column_shadow=&#8221;none&#8221; column_border_radius=&#8221;none&#8221; column_link_target=&#8221;_self&#8221; gradient_direction=&#8221;left_to_right&#8221; overlay_strength=&#8221;0.3&#8243; width=&#8221;1\/4&#8243; tablet_width_inherit=&#8221;default&#8221; bg_image_animation=&#8221;none&#8221; enable_animation=&#8221;true&#8221; animation=&#8221;fade-in-from-bottom&#8221; border_type=&#8221;simple&#8221; column_border_width=&#8221;none&#8221; column_border_style=&#8221;solid&#8221;][fancy_box box_style=&#8221;hover_desc&#8221; icon_family=&#8221;iconsmind&#8221; image_url=&#8221;5989&#8243; hover_color=&#8221;accent-color&#8221; box_alignment=&#8221;left&#8221; hover_desc_bg_animation=&#8221;long_zoom&#8221; border_radius=&#8221;default&#8221; image_loading=&#8221;lazy-load&#8221; color_scheme=&#8221;dark&#8221; secondary_content=&#8221;here&#8217;s some awesome text that would only be shown on hover&#8221; icon_iconsmind=&#8221;iconsmind-Ship&#8221; min_height=&#8221;500&#8243; hover_content=&#8221;Fournir des informations impartiales et dignes de confiance dans les meilleurs d\u00e9lais.&#8221; link_url=&#8221;http:\/\/lh-maritime-survey.fr\/index.php\/experts-maritimes\/&#8221;]\n<h3>Expert Maritime<br \/>\nMarine Surveyor<\/h3>\n[\/fancy_box][\/vc_column_inner][vc_column_inner column_padding=&#8221;no-extra-padding&#8221; column_padding_tablet=&#8221;inherit&#8221; column_padding_phone=&#8221;inherit&#8221; column_padding_position=&#8221;all&#8221; column_element_spacing=&#8221;default&#8221; background_color_opacity=&#8221;1&#8243; background_hover_color_opacity=&#8221;1&#8243; column_shadow=&#8221;none&#8221; column_border_radius=&#8221;none&#8221; column_link_target=&#8221;_self&#8221; gradient_direction=&#8221;left_to_right&#8221; overlay_strength=&#8221;0.3&#8243; width=&#8221;1\/4&#8243; tablet_width_inherit=&#8221;default&#8221; bg_image_animation=&#8221;none&#8221; enable_animation=&#8221;true&#8221; animation=&#8221;fade-in-from-bottom&#8221; border_type=&#8221;simple&#8221; column_border_width=&#8221;none&#8221; column_border_style=&#8221;solid&#8221; delay=&#8221;50&#8243;][fancy_box box_style=&#8221;hover_desc&#8221; icon_family=&#8221;iconsmind&#8221; image_url=&#8221;6029&#8243; hover_color=&#8221;accent-color&#8221; box_alignment=&#8221;left&#8221; hover_desc_bg_animation=&#8221;long_zoom&#8221; border_radius=&#8221;default&#8221; image_loading=&#8221;lazy-load&#8221; color_scheme=&#8221;dark&#8221; secondary_content=&#8221;here&#8217;s some awesome text that would only be shown on hover&#8221; icon_iconsmind=&#8221;iconsmind-Flashlight&#8221; min_height=&#8221;500&#8243; hover_content=&#8221;Des Auditeurs d\u00fbment certifi\u00e9s sur les r\u00e9f\u00e9rentiels ISM \/ ISPS \/ MLC<br \/>\nISO 9001 \/ 14001 \/ 45001 \/ 27001.&#8221; link_url=&#8221;http:\/\/lh-maritime-survey.fr\/index.php\/audit-interne\/&#8221;]\n<h3>Audit Interne<\/h3>\n<h5><\/h5>\n[\/fancy_box][\/vc_column_inner][vc_column_inner column_padding=&#8221;no-extra-padding&#8221; column_padding_tablet=&#8221;inherit&#8221; column_padding_phone=&#8221;inherit&#8221; column_padding_position=&#8221;all&#8221; column_element_spacing=&#8221;default&#8221; background_color_opacity=&#8221;1&#8243; background_hover_color_opacity=&#8221;1&#8243; column_shadow=&#8221;none&#8221; column_border_radius=&#8221;none&#8221; column_link_target=&#8221;_self&#8221; gradient_direction=&#8221;left_to_right&#8221; overlay_strength=&#8221;0.3&#8243; width=&#8221;1\/4&#8243; tablet_width_inherit=&#8221;default&#8221; bg_image_animation=&#8221;none&#8221; enable_animation=&#8221;true&#8221; animation=&#8221;fade-in-from-bottom&#8221; border_type=&#8221;simple&#8221; column_border_width=&#8221;none&#8221; column_border_style=&#8221;solid&#8221; delay=&#8221;100&#8243;][fancy_box box_style=&#8221;hover_desc&#8221; icon_family=&#8221;iconsmind&#8221; image_url=&#8221;6141&#8243; link_new_tab=&#8221;true&#8221; hover_color=&#8221;accent-color&#8221; box_alignment=&#8221;left&#8221; hover_desc_bg_animation=&#8221;long_zoom&#8221; border_radius=&#8221;default&#8221; image_loading=&#8221;lazy-load&#8221; color_scheme=&#8221;dark&#8221; secondary_content=&#8221;here&#8217;s some awesome text that would only be shown on hover&#8221; min_height=&#8221;500&#8243; hover_content=&#8221;We are fast and efficient, your ship can be registered in less than 24 hours.&#8221; icon_iconsmind=&#8221;iconsmind-Flag-4&#8243; link_url=&#8221;http:\/\/lh-maritime-survey.fr\/index.php\/panama-ship-registration\/&#8221;]\n<h3>Panama<br \/>\nShip Registration<\/h3>\n<h5><\/h5>\n[\/fancy_box][\/vc_column_inner][vc_column_inner column_padding=&#8221;no-extra-padding&#8221; column_padding_tablet=&#8221;inherit&#8221; column_padding_phone=&#8221;inherit&#8221; column_padding_position=&#8221;all&#8221; column_element_spacing=&#8221;default&#8221; background_color_opacity=&#8221;1&#8243; background_hover_color_opacity=&#8221;1&#8243; column_shadow=&#8221;none&#8221; column_border_radius=&#8221;none&#8221; column_link_target=&#8221;_self&#8221; gradient_direction=&#8221;left_to_right&#8221; overlay_strength=&#8221;0.3&#8243; width=&#8221;1\/4&#8243; tablet_width_inherit=&#8221;default&#8221; bg_image_animation=&#8221;none&#8221; enable_animation=&#8221;true&#8221; animation=&#8221;fade-in-from-bottom&#8221; border_type=&#8221;simple&#8221; column_border_width=&#8221;none&#8221; column_border_style=&#8221;solid&#8221; delay=&#8221;150&#8243;][fancy_box box_style=&#8221;hover_desc&#8221; icon_family=&#8221;iconsmind&#8221; image_url=&#8221;6123&#8243; link_new_tab=&#8221;true&#8221; hover_color=&#8221;accent-color&#8221; box_alignment=&#8221;left&#8221; hover_desc_bg_animation=&#8221;long_zoom&#8221; border_radius=&#8221;default&#8221; image_loading=&#8221;lazy-load&#8221; color_scheme=&#8221;dark&#8221; secondary_content=&#8221;here&#8217;s some awesome text that would only be shown on hover&#8221; icon_iconsmind=&#8221;iconsmind-Network-Window&#8221; min_height=&#8221;500&#8243; hover_content=&#8221;Certifi\u00e9 ISO 27032 nous vous accompagnons pour votre mise en conformit\u00e9 avec la r\u00e9solution MSC.428(98).&#8221; link_url=&#8221;http:\/\/lh-maritime-survey.fr\/index.php\/maritime-cyber-securite\/&#8221;]\n<h3>Maritime Cyber S\u00e9curit\u00e9<\/h3>\n[\/fancy_box][\/vc_column_inner][\/vc_row_inner][vc_row_inner column_margin=&#8221;20px&#8221; column_direction=&#8221;default&#8221; column_direction_tablet=&#8221;default&#8221; column_direction_phone=&#8221;default&#8221; text_align=&#8221;left&#8221;][vc_column_inner column_padding=&#8221;no-extra-padding&#8221; column_padding_tablet=&#8221;inherit&#8221; column_padding_phone=&#8221;inherit&#8221; column_padding_position=&#8221;all&#8221; column_element_spacing=&#8221;default&#8221; background_color_opacity=&#8221;1&#8243; background_hover_color_opacity=&#8221;1&#8243; column_shadow=&#8221;none&#8221; column_border_radius=&#8221;none&#8221; column_link_target=&#8221;_self&#8221; gradient_direction=&#8221;left_to_right&#8221; overlay_strength=&#8221;0.3&#8243; width=&#8221;1\/4&#8243; tablet_width_inherit=&#8221;default&#8221; bg_image_animation=&#8221;none&#8221; enable_animation=&#8221;true&#8221; animation=&#8221;fade-in-from-bottom&#8221; border_type=&#8221;simple&#8221; column_border_width=&#8221;none&#8221; column_border_style=&#8221;solid&#8221;][fancy_box box_style=&#8221;hover_desc&#8221; icon_family=&#8221;steadysets&#8221; image_url=&#8221;5970&#8243; hover_color=&#8221;accent-color&#8221; box_alignment=&#8221;left&#8221; hover_desc_bg_animation=&#8221;long_zoom&#8221; border_radius=&#8221;default&#8221; image_loading=&#8221;lazy-load&#8221; color_scheme=&#8221;dark&#8221; secondary_content=&#8221;here&#8217;s some awesome text that would only be shown on hover&#8221; min_height=&#8221;500&#8243; icon_size=&#8221;50&#8243; icon_steadysets=&#8221;steadysets-icon-support&#8221; hover_content=&#8221;Inspecteurs agr\u00e9\u00e9s par de nombreuse Autorit\u00e9s Maritime pour conduire les inspections et audit \u00e0 bord des navires&#8221; link_url=&#8221;http:\/\/lh-maritime-survey.fr\/index.php\/flag-state-ship-inspection\/&#8221;]\n<h3>Flag State Ship Inspection<\/h3>\n[\/fancy_box][\/vc_column_inner][vc_column_inner column_padding=&#8221;no-extra-padding&#8221; column_padding_tablet=&#8221;inherit&#8221; column_padding_phone=&#8221;inherit&#8221; column_padding_position=&#8221;all&#8221; column_element_spacing=&#8221;default&#8221; background_color_opacity=&#8221;1&#8243; background_hover_color_opacity=&#8221;1&#8243; column_shadow=&#8221;none&#8221; column_border_radius=&#8221;none&#8221; column_link_target=&#8221;_self&#8221; gradient_direction=&#8221;left_to_right&#8221; overlay_strength=&#8221;0.3&#8243; width=&#8221;1\/4&#8243; tablet_width_inherit=&#8221;default&#8221; bg_image_animation=&#8221;none&#8221; enable_animation=&#8221;true&#8221; animation=&#8221;fade-in-from-bottom&#8221; border_type=&#8221;simple&#8221; column_border_width=&#8221;none&#8221; column_border_style=&#8221;solid&#8221; delay=&#8221;50&#8243;][fancy_box box_style=&#8221;hover_desc&#8221; icon_family=&#8221;iconsmind&#8221; image_url=&#8221;6055&#8243; hover_color=&#8221;accent-color&#8221; box_alignment=&#8221;left&#8221; hover_desc_bg_animation=&#8221;long_zoom&#8221; border_radius=&#8221;default&#8221; image_loading=&#8221;lazy-load&#8221; color_scheme=&#8221;dark&#8221; secondary_content=&#8221;&#8221; icon_iconsmind=&#8221;iconsmind-Ambulance&#8221; min_height=&#8221;500&#8243; hover_content=&#8221;Le traitement d&#8217;une avarie majeur impose une grande r\u00e9activit\u00e9, nous sommes disponible H24 7\/7.&#8221; link_url=&#8221;http:\/\/lh-maritime-survey.fr\/index.php\/6401-2\/&#8221;]\n<h3>Gestion de crise<\/h3>\n[\/fancy_box][\/vc_column_inner][vc_column_inner column_padding=&#8221;no-extra-padding&#8221; column_padding_tablet=&#8221;inherit&#8221; column_padding_phone=&#8221;inherit&#8221; column_padding_position=&#8221;all&#8221; column_element_spacing=&#8221;default&#8221; background_color_opacity=&#8221;1&#8243; background_hover_color_opacity=&#8221;1&#8243; column_shadow=&#8221;none&#8221; column_border_radius=&#8221;none&#8221; column_link_target=&#8221;_self&#8221; gradient_direction=&#8221;left_to_right&#8221; overlay_strength=&#8221;0.3&#8243; width=&#8221;1\/4&#8243; tablet_width_inherit=&#8221;default&#8221; bg_image_animation=&#8221;none&#8221; enable_animation=&#8221;true&#8221; animation=&#8221;fade-in-from-bottom&#8221; border_type=&#8221;simple&#8221; column_border_width=&#8221;none&#8221; column_border_style=&#8221;solid&#8221; delay=&#8221;100&#8243;][fancy_box box_style=&#8221;hover_desc&#8221; icon_family=&#8221;iconsmind&#8221; image_url=&#8221;6032&#8243; hover_color=&#8221;accent-color&#8221; box_alignment=&#8221;left&#8221; hover_desc_bg_animation=&#8221;long_zoom&#8221; border_radius=&#8221;default&#8221; image_loading=&#8221;lazy-load&#8221; color_scheme=&#8221;dark&#8221; secondary_content=&#8221;&#8221; icon_iconsmind=&#8221;iconsmind-Affiliate&#8221; min_height=&#8221;500&#8243; hover_content=&#8221;Une vision clair et efficace d&#8217;une situation, des avis et recommandations adapt\u00e9es \u00e0 vos objectifs.&#8221;]\n<h3>Consultant<br \/>\nConseil<br \/>\nSupervision<\/h3>\n[\/fancy_box][\/vc_column_inner][vc_column_inner column_padding=&#8221;no-extra-padding&#8221; column_padding_tablet=&#8221;inherit&#8221; column_padding_phone=&#8221;inherit&#8221; column_padding_position=&#8221;all&#8221; column_element_spacing=&#8221;default&#8221; background_color_opacity=&#8221;1&#8243; background_hover_color_opacity=&#8221;1&#8243; column_shadow=&#8221;none&#8221; column_border_radius=&#8221;none&#8221; column_link_target=&#8221;_self&#8221; gradient_direction=&#8221;left_to_right&#8221; overlay_strength=&#8221;0.3&#8243; width=&#8221;1\/4&#8243; tablet_width_inherit=&#8221;default&#8221; bg_image_animation=&#8221;none&#8221; enable_animation=&#8221;true&#8221; animation=&#8221;fade-in-from-bottom&#8221; border_type=&#8221;simple&#8221; column_border_width=&#8221;none&#8221; column_border_style=&#8221;solid&#8221; delay=&#8221;150&#8243;][fancy_box box_style=&#8221;hover_desc&#8221; icon_family=&#8221;iconsmind&#8221; image_url=&#8221;6495&#8243; hover_color=&#8221;accent-color&#8221; box_alignment=&#8221;left&#8221; hover_desc_bg_animation=&#8221;long_zoom&#8221; border_radius=&#8221;default&#8221; image_loading=&#8221;lazy-load&#8221; color_scheme=&#8221;dark&#8221; secondary_content=&#8221;here&#8217;s some awesome text that would only be shown on hover&#8221; icon_iconsmind=&#8221;iconsmind-Gears&#8221; min_height=&#8221;500&#8243; hover_content=&#8221;Le syst\u00e8me IMCA eCMID fournit \u00e0 l\u2019industrie maritime et offshore des formats standardis\u00e9s pour l\u2019inspection des navires.&#8221; link_url=&#8221;https:\/\/www.ecmid.com&#8221;]\n<h3><strong>eCMID Inspection<\/strong><\/h3>\n[\/fancy_box][\/vc_column_inner][\/vc_row_inner][\/vc_column][\/vc_row][vc_row type=&#8221;full_width_background&#8221; full_screen_row_position=&#8221;middle&#8221; column_margin=&#8221;default&#8221; column_direction=&#8221;default&#8221; column_direction_tablet=&#8221;default&#8221; column_direction_phone=&#8221;default&#8221; scene_position=&#8221;center&#8221; top_padding=&#8221;6%&#8221; text_color=&#8221;dark&#8221; text_align=&#8221;left&#8221; row_border_radius=&#8221;none&#8221; row_border_radius_applies=&#8221;bg&#8221; id=&#8221;services&#8221; overlay_strength=&#8221;0.3&#8243; gradient_direction=&#8221;left_to_right&#8221; shape_divider_position=&#8221;bottom&#8221; bg_image_animation=&#8221;none&#8221; shape_type=&#8221;&#8221;][vc_column column_padding=&#8221;no-extra-padding&#8221; column_padding_tablet=&#8221;inherit&#8221; column_padding_phone=&#8221;inherit&#8221; column_padding_position=&#8221;all&#8221; column_element_spacing=&#8221;default&#8221; background_color_opacity=&#8221;1&#8243; background_hover_color_opacity=&#8221;1&#8243; column_shadow=&#8221;none&#8221; column_border_radius=&#8221;none&#8221; column_link_target=&#8221;_self&#8221; gradient_direction=&#8221;left_to_right&#8221; overlay_strength=&#8221;0.3&#8243; width=&#8221;1\/1&#8243; tablet_width_inherit=&#8221;default&#8221; tablet_text_alignment=&#8221;default&#8221; phone_text_alignment=&#8221;default&#8221; bg_image_animation=&#8221;none&#8221; border_type=&#8221;simple&#8221; column_border_width=&#8221;none&#8221; column_border_style=&#8221;solid&#8221;][vc_custom_heading text=&#8221;Des solutions adapt\u00e9es \u00e0 vos besoins.&#8221; font_container=&#8221;tag:h5|text_align:left|color:rgba(0%2C0%2C0%2C0.78)&#8221; use_theme_fonts=&#8221;yes&#8221; css=&#8221;.vc_custom_1637158786617{margin-bottom: 10px !important;}&#8221;][nectar_highlighted_text color_type=&#8221;regular&#8221; style=&#8221;full_text&#8221; highlight_expansion=&#8221;default&#8221;]Une communaut\u00e9 d&#8217;experts \u00e0 votre service[\/nectar_highlighted_text][\/vc_column][\/vc_row][vc_row type=&#8221;full_width_background&#8221; full_screen_row_position=&#8221;middle&#8221; column_margin=&#8221;default&#8221; column_direction=&#8221;default&#8221; column_direction_tablet=&#8221;default&#8221; column_direction_phone=&#8221;default&#8221; bg_color=&#8221;#fcfcfc&#8221; full_height=&#8221;yes&#8221; scene_position=&#8221;center&#8221; text_color=&#8221;light&#8221; text_align=&#8221;left&#8221; row_border_radius=&#8221;none&#8221; row_border_radius_applies=&#8221;bg&#8221; overlay_strength=&#8221;0.3&#8243; gradient_direction=&#8221;left_to_right&#8221; shape_divider_position=&#8221;bottom&#8221; bg_image_animation=&#8221;none&#8221; shape_type=&#8221;&#8221;][vc_column column_padding=&#8221;no-extra-padding&#8221; column_padding_tablet=&#8221;inherit&#8221; column_padding_phone=&#8221;inherit&#8221; column_padding_position=&#8221;all&#8221; column_element_spacing=&#8221;50px&#8221; centered_text=&#8221;true&#8221; background_color_opacity=&#8221;1&#8243; background_hover_color_opacity=&#8221;1&#8243; font_color=&#8221;#e0e0e0&#8243; column_shadow=&#8221;small_depth&#8221; column_border_radius=&#8221;none&#8221; column_link_target=&#8221;_self&#8221; enable_gradient=&#8221;true&#8221; color_overlay=&#8221;#ffffff&#8221; color_overlay_2=&#8221;#ffffff&#8221; gradient_direction=&#8221;left_to_right&#8221; overlay_strength=&#8221;0.95&#8243; width=&#8221;1\/2&#8243; tablet_width_inherit=&#8221;default&#8221; tablet_text_alignment=&#8221;default&#8221; phone_text_alignment=&#8221;default&#8221; bg_image_animation=&#8221;zoom-out-slow&#8221; enable_animation=&#8221;true&#8221; animation=&#8221;grow-in&#8221; border_type=&#8221;simple&#8221; column_border_width=&#8221;none&#8221; column_border_style=&#8221;solid&#8221; delay=&#8221;200&#8243;][nectar_image_with_hotspots image=&#8221;6174&#8243; preview=&#8221;http:\/\/lh-maritime-survey.fr\/wp-content\/uploads\/2021\/11\/Capture-decran-2021-11-17-a-17.30.23.png&#8221; color_1=&#8221;Accent-Color&#8221; hotspot_icon=&#8221;plus_sign&#8221; tooltip=&#8221;click&#8221; tooltip_shadow=&#8221;small_depth&#8221; animation=&#8221;true&#8221;][nectar_hotspot left=&#8221;66.45200650759219%&#8221; top=&#8221;39.413680781758956%&#8221; position=&#8221;right&#8221;]21 place de L&#8217;hotel de ville, Le Havre, France.[\/nectar_hotspot][nectar_hotspot left=&#8221;63.27277657266811%&#8221; top=&#8221;28.501628664495115%&#8221; position=&#8221;bottom&#8221;]Our offices open soon[\/nectar_hotspot][nectar_hotspot left=&#8221;93.49240780911063%&#8221; top=&#8221;70.19543973941367%&#8221; position=&#8221;bottom&#8221;]Our offices open soon[\/nectar_hotspot][nectar_hotspot left=&#8221;61.459463%&#8221; top=&#8221;59.283388%&#8221; position=&#8221;top&#8221;]30 rue Ibn Sirine Branes 1 Tanger, Maroc \u260e\ufe0e+212 661-860624[\/nectar_hotspot][nectar_hotspot left=&#8221;73.6713665943601%&#8221; top=&#8221;11.726384364820847%&#8221; position=&#8221;top&#8221;]Our offices open soon[\/nectar_hotspot][nectar_hotspot left=&#8221;74.96949566160521%&#8221; top=&#8221;31.921824104234524%&#8221; position=&#8221;top&#8221;]Our offices open soon[\/nectar_hotspot][nectar_hotspot left=&#8221;12.147505422993492%&#8221; top=&#8221;79.15309446254072%&#8221; position=&#8221;top&#8221;]Our offices open soon[\/nectar_hotspot][nectar_hotspot left=&#8221;15.597885032537961%&#8221; top=&#8221;50.4885993485342%&#8221; position=&#8221;top&#8221;]Our offices open soon[\/nectar_hotspot][nectar_hotspot left=&#8221;68.76355748373102%&#8221; top=&#8221;42.34527687296417%&#8221; position=&#8221;top&#8221;][\/nectar_hotspot][nectar_hotspot left=&#8221;68.76355748373102%&#8221; top=&#8221;42.34527687296417%&#8221; position=&#8221;top&#8221;][\/nectar_hotspot][\/nectar_image_with_hotspots][\/vc_column][vc_column column_padding=&#8221;padding-5-percent&#8221; column_padding_tablet=&#8221;inherit&#8221; column_padding_phone=&#8221;inherit&#8221; column_padding_position=&#8221;all&#8221; column_element_spacing=&#8221;default&#8221; background_color=&#8221;#1d4f91&#8243; background_color_opacity=&#8221;0.6&#8243; background_color_hover=&#8221;#848484&#8243; background_hover_color_opacity=&#8221;1&#8243; background_image=&#8221;123&#8243; background_image_position=&#8221;center center&#8221; enable_bg_scale=&#8221;true&#8221; background_image_loading=&#8221;default&#8221; font_color=&#8221;#002d6d&#8221; column_shadow=&#8221;small_depth&#8221; column_border_radius=&#8221;none&#8221; column_link_target=&#8221;_self&#8221; enable_gradient=&#8221;true&#8221; color_overlay=&#8221;#001a33&#8243; color_overlay_2=&#8221;#0bbdc6&#8243; gradient_direction=&#8221;left_to_right&#8221; overlay_strength=&#8221;0.8&#8243; width=&#8221;1\/2&#8243; tablet_width_inherit=&#8221;default&#8221; tablet_text_alignment=&#8221;default&#8221; phone_text_alignment=&#8221;default&#8221; bg_image_animation=&#8221;none&#8221; enable_animation=&#8221;true&#8221; animation=&#8221;grow-in&#8221; border_type=&#8221;simple&#8221; column_border_width=&#8221;none&#8221; column_border_style=&#8221;solid&#8221; delay=&#8221;300&#8243;][vc_column_text css_animation=&#8221;none&#8221;]\n<h3>Contact.<\/h3>\n<p>Nous sommes sur Le Havre, Saint Malo, Saint Nazaire.<br \/>\nNous intervenons en France, en Europe et dans le Monde.<\/p>\n<p>\u260e\ufe0e : +33 (0) 622 352 580<br \/>\n\u260e\ufe0e : +33 (0) 614 281 130<\/p>\n<p>\ud83d\udce9: contact@lh-ms.fr[\/vc_column_text][\/vc_column][\/vc_row]\n","protected":false},"excerpt":{"rendered":"<p>[vc_row type=&#8221;full_width_background&#8221; full_screen_row_position=&#8221;middle&#8221; column_margin=&#8221;default&#8221; column_direction=&#8221;default&#8221; column_direction_tablet=&#8221;default&#8221; column_direction_phone=&#8221;default&#8221; bg_image=&#8221;5813&#8243; bg_position=&#8221;left top&#8221; background_image_loading=&#8221;default&#8221; bg_repeat=&#8221;no-repeat&#8221; scene_position=&#8221;center&#8221; top_padding=&#8221;13%&#8221; bottom_padding=&#8221;19%&#8221; text_color=&#8221;light&#8221; text_align=&#8221;left&#8221; row_border_radius=&#8221;none&#8221; row_border_radius_applies=&#8221;bg&#8221; enable_gradient=&#8221;true&#8221; color_overlay=&#8221;rgba(0,38,73,0.85)&#8221; color_overlay_2=&#8221;rgba(0,159,244,0.71)&#8221; overlay_strength=&#8221;1&#8243; gradient_direction=&#8221;left_t_to_right_b&#8221; enable_shape_divider=&#8221;true&#8221;&#8230;<\/p>\n","protected":false},"author":1,"featured_media":0,"parent":0,"menu_order":0,"comment_status":"closed","ping_status":"closed","template":"","meta":[],"_links":{"self":[{"href":"https:\/\/lh-maritime-survey.fr\/index.php\/wp-json\/wp\/v2\/pages\/5761"}],"collection":[{"href":"https:\/\/lh-maritime-survey.fr\/index.php\/wp-json\/wp\/v2\/pages"}],"about":[{"href":"https:\/\/lh-maritime-survey.fr\/index.php\/wp-json\/wp\/v2\/types\/page"}],"author":[{"embeddable":true,"href":"https:\/\/lh-maritime-survey.fr\/index.php\/wp-json\/wp\/v2\/users\/1"}],"replies":[{"embeddable":true,"href":"https:\/\/lh-maritime-survey.fr\/index.php\/wp-json\/wp\/v2\/comments?post=5761"}],"version-history":[{"count":140,"href":"https:\/\/lh-maritime-survey.fr\/index.php\/wp-json\/wp\/v2\/pages\/5761\/revisions"}],"predecessor-version":[{"id":6516,"href":"https:\/\/lh-maritime-survey.fr\/index.php\/wp-json\/wp\/v2\/pages\/5761\/revisions\/6516"}],"wp:attachment":[{"href":"https:\/\/lh-maritime-survey.fr\/index.php\/wp-json\/wp\/v2\/media?parent=5761"}],"curies":[{"name":"wp","href":"https:\/\/api.w.org\/{rel}","templated":true}]}}