{"id":6229,"date":"2021-11-18T17:46:06","date_gmt":"2021-11-18T16:46:06","guid":{"rendered":"http:\/\/lh-maritime-survey.fr\/?page_id=6229"},"modified":"2021-12-19T17:09:45","modified_gmt":"2021-12-19T16:09:45","slug":"panama-ship-registration","status":"publish","type":"page","link":"https:\/\/lh-maritime-survey.fr\/index.php\/panama-ship-registration\/","title":{"rendered":"Panama Ship Registration"},"content":{"rendered":"[vc_row type=&#8221;full_width_background&#8221; full_screen_row_position=&#8221;middle&#8221; column_margin=&#8221;default&#8221; column_direction=&#8221;default&#8221; column_direction_tablet=&#8221;default&#8221; column_direction_phone=&#8221;default&#8221; bg_image=&#8221;5891&#8243; bg_position=&#8221;center center&#8221; background_image_loading=&#8221;default&#8221; bg_repeat=&#8221;no-repeat&#8221; scene_position=&#8221;center&#8221; top_padding=&#8221;13%&#8221; bottom_padding=&#8221;9%&#8221; text_color=&#8221;light&#8221; text_align=&#8221;left&#8221; row_border_radius=&#8221;none&#8221; row_border_radius_applies=&#8221;bg&#8221; enable_gradient=&#8221;true&#8221; color_overlay=&#8221;#031735&#8243; color_overlay_2=&#8221;rgba(14,156,244,0.88)&#8221; overlay_strength=&#8221;0.95&#8243; gradient_direction=&#8221;left_t_to_right_b&#8221; shape_divider_position=&#8221;bottom&#8221; bg_image_animation=&#8221;none&#8221; parallax_bg=&#8221;true&#8221; parallax_bg_speed=&#8221;fast&#8221; shape_type=&#8221;mountains&#8221;][vc_column column_padding=&#8221;no-extra-padding&#8221; column_padding_tablet=&#8221;inherit&#8221; column_padding_phone=&#8221;inherit&#8221; column_padding_position=&#8221;all&#8221; column_element_spacing=&#8221;default&#8221; background_color_opacity=&#8221;1&#8243; background_hover_color_opacity=&#8221;1&#8243; column_shadow=&#8221;none&#8221; column_border_radius=&#8221;none&#8221; column_link_target=&#8221;_self&#8221; gradient_direction=&#8221;left_to_right&#8221; overlay_strength=&#8221;0.3&#8243; width=&#8221;1\/1&#8243; tablet_width_inherit=&#8221;default&#8221; tablet_text_alignment=&#8221;default&#8221; phone_text_alignment=&#8221;default&#8221; bg_image_animation=&#8221;none&#8221; border_type=&#8221;simple&#8221; column_border_width=&#8221;none&#8221; column_border_style=&#8221;solid&#8221;][split_line_heading animation_type=&#8221;default&#8221;]\n<h1>PANAMA SHIP REGISTRATION<\/h1>\n[\/split_line_heading][\/vc_column][\/vc_row][vc_row type=&#8221;in_container&#8221; full_screen_row_position=&#8221;middle&#8221; column_margin=&#8221;default&#8221; column_direction=&#8221;default&#8221; column_direction_tablet=&#8221;default&#8221; column_direction_phone=&#8221;default&#8221; scene_position=&#8221;center&#8221; text_color=&#8221;dark&#8221; text_align=&#8221;left&#8221; row_border_radius=&#8221;none&#8221; row_border_radius_applies=&#8221;bg&#8221; overlay_strength=&#8221;0.3&#8243; gradient_direction=&#8221;left_to_right&#8221; shape_divider_position=&#8221;bottom&#8221; bg_image_animation=&#8221;none&#8221;][vc_column column_padding=&#8221;no-extra-padding&#8221; column_padding_tablet=&#8221;inherit&#8221; column_padding_phone=&#8221;inherit&#8221; column_padding_position=&#8221;all&#8221; column_element_spacing=&#8221;default&#8221; background_color_opacity=&#8221;1&#8243; background_hover_color_opacity=&#8221;1&#8243; column_shadow=&#8221;none&#8221; column_border_radius=&#8221;none&#8221; column_link_target=&#8221;_self&#8221; gradient_direction=&#8221;left_to_right&#8221; overlay_strength=&#8221;0.3&#8243; width=&#8221;1\/1&#8243; tablet_width_inherit=&#8221;default&#8221; tablet_text_alignment=&#8221;default&#8221; phone_text_alignment=&#8221;default&#8221; bg_image_animation=&#8221;none&#8221; border_type=&#8221;simple&#8221; column_border_width=&#8221;none&#8221; column_border_style=&#8221;solid&#8221;][nectar_highlighted_text color_type=&#8221;regular&#8221; style=&#8221;full_text&#8221; highlight_expansion=&#8221;default&#8221;]\n<h4><\/h4>\n<h4><\/h4>\n<h4>Toute personne, physique ou morale, ind\u00e9pendamment de sa nationalit\u00e9 ou de son lieu d&#8217;origine, est \u00e9ligible \u00e0 enregistrer des navires sous le pavillon panam\u00e9en.<\/h4>\n<h4>La proc\u00e9dure d&#8217;enregistrement est simple et rapide et l&#8217;enregistrement d&#8217;un navire peut \u00eatre r\u00e9alis\u00e9 en moins de 6 heures.<\/h4>\n<h4>Le registre du Panama est certifi\u00e9 ISO 9001<\/h4>\n[\/nectar_highlighted_text][\/vc_column][\/vc_row][vc_row type=&#8221;in_container&#8221; full_screen_row_position=&#8221;middle&#8221; column_margin=&#8221;default&#8221; column_direction=&#8221;default&#8221; column_direction_tablet=&#8221;default&#8221; column_direction_phone=&#8221;default&#8221; scene_position=&#8221;center&#8221; text_color=&#8221;dark&#8221; text_align=&#8221;left&#8221; row_border_radius=&#8221;none&#8221; row_border_radius_applies=&#8221;bg&#8221; overlay_strength=&#8221;0.3&#8243; gradient_direction=&#8221;left_to_right&#8221; shape_divider_position=&#8221;bottom&#8221; bg_image_animation=&#8221;none&#8221; shape_type=&#8221;&#8221;][vc_column column_padding=&#8221;no-extra-padding&#8221; column_padding_tablet=&#8221;inherit&#8221; column_padding_phone=&#8221;inherit&#8221; column_padding_position=&#8221;all&#8221; column_element_spacing=&#8221;default&#8221; background_color_opacity=&#8221;1&#8243; background_hover_color_opacity=&#8221;1&#8243; column_shadow=&#8221;none&#8221; column_border_radius=&#8221;none&#8221; column_link_target=&#8221;_self&#8221; gradient_direction=&#8221;left_to_right&#8221; overlay_strength=&#8221;0.3&#8243; width=&#8221;1\/1&#8243; tablet_width_inherit=&#8221;default&#8221; tablet_text_alignment=&#8221;default&#8221; phone_text_alignment=&#8221;default&#8221; bg_image_animation=&#8221;none&#8221; border_type=&#8221;simple&#8221; column_border_width=&#8221;none&#8221; column_border_style=&#8221;solid&#8221;][nectar_highlighted_text color_type=&#8221;regular&#8221; style=&#8221;full_text&#8221; highlight_expansion=&#8221;default&#8221;]<strong>Le Panama, pionnier en mati\u00e8re de registre des navires<\/strong>[\/nectar_highlighted_text]<div class=\"iwithtext\"><div class=\"iwt-icon\"> <img src=\"https:\/\/lh-maritime-survey.fr\/wp-content\/uploads\/2021\/11\/Panama-Flag-300x199.png\" alt=\"\" \/> <\/div><div class=\"iwt-text\"> \n<ul>\n<li>En 1917, le premier registre international des navires est cr\u00e9\u00e9 au Panama par la Loi 63 du 15 d\u00e9cembre 1917.<\/li>\n<li>Il est le premier registre des navires. Actuellement, plus de 8 000 navires immatricul\u00e9s.<\/li>\n<li>Reconnu par les institutions financi\u00e8res et assurance dans le monde entier, le registre<br \/>\nrepr\u00e9sente une flotte de navires de plus de 200 millions de tonnes brutes.<\/li>\n<li>Le Panama est membre du Directoire de l&#8217;OMI et est plac\u00e9 sur la liste blanche de cette organisation.<\/li>\n<\/ul>\n <\/div><div class=\"clear\"><\/div><\/div>[nectar_highlighted_text color_type=&#8221;regular&#8221; style=&#8221;full_text&#8221; highlight_expansion=&#8221;default&#8221;]<strong>Une tr\u00e8s grande flexibilit\u00e9<\/strong>[\/nectar_highlighted_text]<div class=\"iwithtext\"><div class=\"iwt-icon\"> <img src=\"https:\/\/lh-maritime-survey.fr\/wp-content\/uploads\/2021\/11\/Panama-Flag-300x199.png\" alt=\"\" \/> <\/div><div class=\"iwt-text\"> \n<ul>\n<li>Toute personne physique ou morale peut enregistrer ses navires sous pavillon panam\u00e9en.<\/li>\n<li>Aucune exigence pour le tonnage minimum n&#8217;est exig\u00e9e.<\/li>\n<li>Un enregistrement provisoire et permanent (ou double inscription) peut \u00eatre effectu\u00e9 en parall\u00e8le.<\/li>\n<li>Les navires destin\u00e9s \u00e0 la ferraille, aux voyages de livraison ou \u00e0 tout autre mode de navigation temporaire peuvent demander un permis de navigation provisoire et une licence radio, valables trois mois.<\/li>\n<li>Un registre mixte qui permettra aux yachts de plaisance b\u00e9n\u00e9ficier d&#8217;un usage commercial ou &#8220;charter&#8221; durant une p\u00e9riode comprise entre 90 et 120 jours sur un an.<\/li>\n<\/ul>\n <\/div><div class=\"clear\"><\/div><\/div>[nectar_highlighted_text color_type=&#8221;regular&#8221; style=&#8221;full_text&#8221; highlight_expansion=&#8221;default&#8221;]<strong>Des tarifs avantageux<\/strong>[\/nectar_highlighted_text]<div class=\"iwithtext\"><div class=\"iwt-icon\"> <img src=\"https:\/\/lh-maritime-survey.fr\/wp-content\/uploads\/2021\/11\/Panama-Flag-300x199.png\" alt=\"\" \/> <\/div><div class=\"iwt-text\"> \n<ul>\n<li>Le montant des taxes pratiqu\u00e9es par l&#8217;Autorit\u00e9 Maritime du Panama fait partie des tarifs les plus comp\u00e9titifs au monde pour l&#8217;immatriculation des navires et des yachts<\/li>\n<li>Les propri\u00e9taires de yachts immatricul\u00e9s au Panama\u00a0<strong>ne sont pas soumis \u00e0 la TVA<\/strong><\/li>\n<\/ul>\n <\/div><div class=\"clear\"><\/div><\/div>[nectar_highlighted_text color_type=&#8221;regular&#8221; style=&#8221;full_text&#8221; highlight_expansion=&#8221;default&#8221;]<strong>Un r\u00e9seau des bureaux internationaux<\/strong>[\/nectar_highlighted_text]<div class=\"iwithtext\"><div class=\"iwt-icon\"> <img src=\"https:\/\/lh-maritime-survey.fr\/wp-content\/uploads\/2021\/11\/Panama-Flag-300x199.png\" alt=\"\" \/> <\/div><div class=\"iwt-text\"> \n<ul>\n<li>1 bureau en France, 9 bureaux r\u00e9gionaux, 64 consulats priv\u00e9s de la marine marchande pr\u00e9sents \u00e0 travers le monde.<\/li>\n<li>Une disponibilit\u00e9 24\/7.<\/li>\n<li>Plus de 200 inspecteurs.<\/li>\n<\/ul>\n <\/div><div class=\"clear\"><\/div><\/div>[nectar_highlighted_text color_type=&#8221;regular&#8221; style=&#8221;full_text&#8221; highlight_expansion=&#8221;default&#8221;]<strong>Un engagement pour l&#8217;environnement<\/strong>[\/nectar_highlighted_text]<div class=\"iwithtext\"><div class=\"iwt-icon\"> <img src=\"https:\/\/lh-maritime-survey.fr\/wp-content\/uploads\/2021\/11\/Panama-Flag-300x199.png\" alt=\"\" \/> <\/div><div class=\"iwt-text\"> \n<ul>\n<li><strong>Eco Ship et Greenship :<\/strong>une remise sp\u00e9ciale est effectu\u00e9e aux op\u00e9rateurs et armateurs qui d\u00e9montrent des innovations pour la r\u00e9duction de la pollution de l&#8217;air et la conservation de l&#8217;environnement marin.<\/li>\n<\/ul>\n <\/div><div class=\"clear\"><\/div><\/div>[nectar_highlighted_text color_type=&#8221;regular&#8221; highlight_color=&#8221;#d8ba0d&#8221; text_color=&#8221;#000000&#8243; style=&#8221;full_text&#8221; highlight_expansion=&#8221;default&#8221;]<strong>De la transparence<\/strong>[\/nectar_highlighted_text]<div class=\"iwithtext\"><div class=\"iwt-icon\"> <img src=\"https:\/\/lh-maritime-survey.fr\/wp-content\/uploads\/2021\/11\/Panama-Flag-300x199.png\" alt=\"\" \/> <\/div><div class=\"iwt-text\"> \n<ul>\n<li>Le Registre des Navires du Panama est public. Il assure la s\u00e9curit\u00e9, la transparence. Les inscriptions des ventes ou hypoth\u00e8ques s&#8217;effectuent plus vite et plus efficacement, ce qui autorise le financement et les garanties bancaires.<\/li>\n<li>L\u2019armateur \/ le gestionnaire ne paie que le montant indiqu\u00e9 sur le relev\u00e9 de compte officiel fourni par l&#8217;Autorit\u00e9 Maritime du Panama, ce qui garantit la s\u00e9curit\u00e9 et la transparence.<\/li>\n<\/ul>\n <\/div><div class=\"clear\"><\/div><\/div>[\/vc_column][\/vc_row][vc_row type=&#8221;in_container&#8221; full_screen_row_position=&#8221;middle&#8221; column_margin=&#8221;default&#8221; column_direction=&#8221;default&#8221; column_direction_tablet=&#8221;default&#8221; column_direction_phone=&#8221;default&#8221; scene_position=&#8221;center&#8221; text_color=&#8221;dark&#8221; text_align=&#8221;left&#8221; row_border_radius=&#8221;none&#8221; row_border_radius_applies=&#8221;bg&#8221; overlay_strength=&#8221;0.3&#8243; gradient_direction=&#8221;left_to_right&#8221; shape_divider_position=&#8221;bottom&#8221; bg_image_animation=&#8221;none&#8221;][vc_column column_padding=&#8221;no-extra-padding&#8221; column_padding_tablet=&#8221;inherit&#8221; column_padding_phone=&#8221;inherit&#8221; column_padding_position=&#8221;all&#8221; column_element_spacing=&#8221;default&#8221; background_color_opacity=&#8221;1&#8243; background_hover_color_opacity=&#8221;1&#8243; column_shadow=&#8221;none&#8221; column_border_radius=&#8221;none&#8221; column_link_target=&#8221;_self&#8221; gradient_direction=&#8221;left_to_right&#8221; overlay_strength=&#8221;0.3&#8243; width=&#8221;1\/1&#8243; tablet_width_inherit=&#8221;default&#8221; tablet_text_alignment=&#8221;default&#8221; phone_text_alignment=&#8221;default&#8221; bg_image_animation=&#8221;none&#8221; border_type=&#8221;simple&#8221; column_border_width=&#8221;none&#8221; column_border_style=&#8221;solid&#8221;][image_with_animation image_url=&#8221;6112&#8243; animation=&#8221;Fade In&#8221; hover_animation=&#8221;none&#8221; alignment=&#8221;&#8221; border_radius=&#8221;none&#8221; box_shadow=&#8221;none&#8221; image_loading=&#8221;default&#8221; max_width=&#8221;100%&#8221; max_width_mobile=&#8221;default&#8221;][\/vc_column][\/vc_row]\n","protected":false},"excerpt":{"rendered":"<p>[vc_row type=&#8221;full_width_background&#8221; full_screen_row_position=&#8221;middle&#8221; column_margin=&#8221;default&#8221; column_direction=&#8221;default&#8221; column_direction_tablet=&#8221;default&#8221; column_direction_phone=&#8221;default&#8221; bg_image=&#8221;5891&#8243; bg_position=&#8221;center center&#8221; background_image_loading=&#8221;default&#8221; bg_repeat=&#8221;no-repeat&#8221; scene_position=&#8221;center&#8221; top_padding=&#8221;13%&#8221; bottom_padding=&#8221;9%&#8221; text_color=&#8221;light&#8221; text_align=&#8221;left&#8221; row_border_radius=&#8221;none&#8221; row_border_radius_applies=&#8221;bg&#8221; enable_gradient=&#8221;true&#8221; color_overlay=&#8221;#031735&#8243; color_overlay_2=&#8221;rgba(14,156,244,0.88)&#8221; overlay_strength=&#8221;0.95&#8243; gradient_direction=&#8221;left_t_to_right_b&#8221; shape_divider_position=&#8221;bottom&#8221;&#8230;<\/p>\n","protected":false},"author":1,"featured_media":0,"parent":0,"menu_order":0,"comment_status":"closed","ping_status":"closed","template":"","meta":[],"_links":{"self":[{"href":"https:\/\/lh-maritime-survey.fr\/index.php\/wp-json\/wp\/v2\/pages\/6229"}],"collection":[{"href":"https:\/\/lh-maritime-survey.fr\/index.php\/wp-json\/wp\/v2\/pages"}],"about":[{"href":"https:\/\/lh-maritime-survey.fr\/index.php\/wp-json\/wp\/v2\/types\/page"}],"author":[{"embeddable":true,"href":"https:\/\/lh-maritime-survey.fr\/index.php\/wp-json\/wp\/v2\/users\/1"}],"replies":[{"embeddable":true,"href":"https:\/\/lh-maritime-survey.fr\/index.php\/wp-json\/wp\/v2\/comments?post=6229"}],"version-history":[{"count":19,"href":"https:\/\/lh-maritime-survey.fr\/index.php\/wp-json\/wp\/v2\/pages\/6229\/revisions"}],"predecessor-version":[{"id":6312,"href":"https:\/\/lh-maritime-survey.fr\/index.php\/wp-json\/wp\/v2\/pages\/6229\/revisions\/6312"}],"wp:attachment":[{"href":"https:\/\/lh-maritime-survey.fr\/index.php\/wp-json\/wp\/v2\/media?parent=6229"}],"curies":[{"name":"wp","href":"https:\/\/api.w.org\/{rel}","templated":true}]}}